{"id":2257,"date":"2021-02-22T09:39:04","date_gmt":"2021-02-22T08:39:04","guid":{"rendered":"http:\/\/29001.web.zcom.it\/contatto\/"},"modified":"2021-02-24T11:36:42","modified_gmt":"2021-02-24T10:36:42","slug":"contatto","status":"publish","type":"page","link":"https:\/\/www.unifin.bz\/it\/contatto\/","title":{"rendered":"Contatto"},"content":{"rendered":"[vc_row type=&#8221;full_width_content&#8221; full_screen_row_position=&#8221;middle&#8221; column_margin=&#8221;default&#8221; equal_height=&#8221;yes&#8221; content_placement=&#8221;middle&#8221; column_direction=&#8221;default&#8221; column_direction_tablet=&#8221;default&#8221; column_direction_phone=&#8221;default&#8221; full_height=&#8221;yes&#8221; columns_placement=&#8221;stretch&#8221; scene_position=&#8221;center&#8221; text_color=&#8221;dark&#8221; text_align=&#8221;left&#8221; row_border_radius=&#8221;none&#8221; row_border_radius_applies=&#8221;bg&#8221; overlay_strength=&#8221;0.3&#8243; gradient_direction=&#8221;left_to_right&#8221; shape_divider_position=&#8221;bottom&#8221; bg_image_animation=&#8221;none&#8221;][vc_column column_padding=&#8221;no-extra-padding&#8221; column_padding_tablet=&#8221;inherit&#8221; column_padding_phone=&#8221;inherit&#8221; column_padding_position=&#8221;all&#8221; bottom_margin=&#8221;-30px&#8221; background_color_opacity=&#8221;1&#8243; background_hover_color_opacity=&#8221;1&#8243; column_shadow=&#8221;none&#8221; column_border_radius=&#8221;none&#8221; column_link_target=&#8221;_self&#8221; gradient_direction=&#8221;left_to_right&#8221; overlay_strength=&#8221;0.3&#8243; width=&#8221;1\/2&#8243; tablet_width_inherit=&#8221;default&#8221; tablet_text_alignment=&#8221;default&#8221; phone_text_alignment=&#8221;default&#8221; column_border_width=&#8221;none&#8221; column_border_style=&#8221;solid&#8221; bg_image_animation=&#8221;ro-reveal-from-left&#8221;][vc_raw_html]JTNDaWZyYW1lJTIwc3JjJTNEJTIyaHR0cHMlM0ElMkYlMkZtYXBzLmdvb2dsZS5jb20lMkZtYXBzJTNGcSUzREJhaG5ob2ZzdHJhJTI1QzMlMjU5RmUlMjUyMDglMkMlMjUyMDM5MDU3JTI1MjBFcHBhbiUyNnQlM0QlMjZ6JTNEMTMlMjZpZSUzRFVURjglMjZpd2xvYyUzRCUyNm91dHB1dCUzRGVtYmVkJTIyJTIwY2xhc3MlM0QlMjJtYXAlMjIlMjB3aWR0aCUzRCUyMjEwMDAlMjIlMjBoZWlnaHQlM0QlMjIxMDAwJTIyJTIwZnJhbWVib3JkZXIlM0QlMjIwJTIyJTIwc3R5bGUlM0QlMjJib3JkZXIlM0EwJTNCJTIyJTIwYWxsb3dmdWxsc2NyZWVuJTNEJTIyJTIyJTIwYXJpYS1oaWRkZW4lM0QlMjJmYWxzZSUyMiUyMHRhYmluZGV4JTNEJTIyMCUyMiUzRSUzQyUyRmlmcmFtZSUzRQ==[\/vc_raw_html][\/vc_column][vc_column column_padding=&#8221;padding-8-percent&#8221; column_padding_tablet=&#8221;inherit&#8221; column_padding_phone=&#8221;inherit&#8221; column_padding_position=&#8221;all&#8221; background_color=&#8221;#ffffff&#8221; background_color_opacity=&#8221;1&#8243; background_hover_color_opacity=&#8221;1&#8243; column_shadow=&#8221;none&#8221; column_border_radius=&#8221;none&#8221; column_link_target=&#8221;_self&#8221; gradient_direction=&#8221;left_to_right&#8221; overlay_strength=&#8221;0.3&#8243; width=&#8221;1\/2&#8243; tablet_width_inherit=&#8221;default&#8221; tablet_text_alignment=&#8221;default&#8221; phone_text_alignment=&#8221;default&#8221; column_border_width=&#8221;none&#8221; column_border_style=&#8221;solid&#8221; bg_image_animation=&#8221;none&#8221;][nectar_animated_title heading_tag=&#8221;h5&#8243; style=&#8221;color-strip-reveal&#8221; color=&#8221;Accent-Color&#8221; text=&#8221;Contattateci ora&#8221;][vc_custom_heading text=&#8221;Non vediamo l&#8217;ora di ricevere un vostro messaggio.&#8221; font_container=&#8221;tag:h2|font_size:42|text_align:left|color:%23626262|line_height:52px&#8221; use_theme_fonts=&#8221;yes&#8221;][vc_column_text css=&#8221;.vc_custom_1614163042357{margin-top: 30px !important;margin-bottom: 30px !important;}&#8221;]<span style=\"color: #626262;\">Lasciatevi guidare per la vostra prossima casa, per il vostro progetto di costruzione o per la vendita della vostra propriet\u00e0. Vi risponderemo il prima possibile.<\/span>[\/vc_column_text][vc_raw_html]JTVCd3Bmb3JtcyUyMGlkJTNEJTIyMjM4OSUyMiU1RA==[\/vc_raw_html][\/vc_column][\/vc_row]\n","protected":false},"excerpt":{"rendered":"<p>[vc_row type=&#8221;full_width_content&#8221; full_screen_row_position=&#8221;middle&#8221; column_margin=&#8221;default&#8221; equal_height=&#8221;yes&#8221; content_placement=&#8221;middle&#8221; column_direction=&#8221;default&#8221; column_direction_tablet=&#8221;default&#8221; column_direction_phone=&#8221;default&#8221; full_height=&#8221;yes&#8221; columns_placement=&#8221;stretch&#8221; scene_position=&#8221;center&#8221; text_color=&#8221;dark&#8221; text_align=&#8221;left&#8221; row_border_radius=&#8221;none&#8221; row_border_radius_applies=&#8221;bg&#8221; overlay_strength=&#8221;0.3&#8243; gradient_direction=&#8221;left_to_right&#8221; shape_divider_position=&#8221;bottom&#8221; bg_image_animation=&#8221;none&#8221;][vc_column column_padding=&#8221;no-extra-padding&#8221; column_padding_tablet=&#8221;inherit&#8221; column_padding_phone=&#8221;inherit&#8221; column_padding_position=&#8221;all&#8221; bottom_margin=&#8221;-30px&#8221; background_color_opacity=&#8221;1&#8243; background_hover_color_opacity=&#8221;1&#8243; column_shadow=&#8221;none&#8221; column_border_radius=&#8221;none&#8221; column_link_target=&#8221;_self&#8221;&#8230;<\/p>\n","protected":false},"author":1,"featured_media":0,"parent":0,"menu_order":6,"comment_status":"closed","ping_status":"closed","template":"","meta":[],"yoast_head":"<!-- This site is optimized with the Yoast SEO Premium plugin v21.1 (Yoast SEO v21.1) - https:\/\/yoast.com\/wordpress\/plugins\/seo\/ -->\n<title>Contatto - Unifin - Immobilien S\u00fcdtirol kaufen &amp; mieten<\/title>\n<meta name=\"robots\" content=\"index, follow, max-snippet:-1, max-image-preview:large, max-video-preview:-1\" \/>\n<link rel=\"canonical\" href=\"https:\/\/www.unifin.bz\/it\/contatto\/\" \/>\n<meta property=\"og:locale\" content=\"it_IT\" \/>\n<meta property=\"og:type\" content=\"article\" \/>\n<meta property=\"og:title\" content=\"Contatto\" \/>\n<meta property=\"og:description\" content=\"[vc_row type=&#8221;full_width_content&#8221; full_screen_row_position=&#8221;middle&#8221; column_margin=&#8221;default&#8221; equal_height=&#8221;yes&#8221; content_placement=&#8221;middle&#8221; column_direction=&#8221;default&#8221; column_direction_tablet=&#8221;default&#8221; column_direction_phone=&#8221;default&#8221; full_height=&#8221;yes&#8221; columns_placement=&#8221;stretch&#8221; scene_position=&#8221;center&#8221; text_color=&#8221;dark&#8221; text_align=&#8221;left&#8221; row_border_radius=&#8221;none&#8221; row_border_radius_applies=&#8221;bg&#8221; overlay_strength=&#8221;0.3&#8243; gradient_direction=&#8221;left_to_right&#8221; shape_divider_position=&#8221;bottom&#8221; bg_image_animation=&#8221;none&#8221;][vc_column column_padding=&#8221;no-extra-padding&#8221; column_padding_tablet=&#8221;inherit&#8221; column_padding_phone=&#8221;inherit&#8221; column_padding_position=&#8221;all&#8221; bottom_margin=&#8221;-30px&#8221; background_color_opacity=&#8221;1&#8243; background_hover_color_opacity=&#8221;1&#8243; column_shadow=&#8221;none&#8221; column_border_radius=&#8221;none&#8221; column_link_target=&#8221;_self&#8221;...\" \/>\n<meta property=\"og:url\" content=\"https:\/\/www.unifin.bz\/it\/contatto\/\" \/>\n<meta property=\"og:site_name\" content=\"Unifin - Immobilien S\u00fcdtirol kaufen &amp; mieten\" \/>\n<meta property=\"article:modified_time\" content=\"2021-02-24T10:36:42+00:00\" \/>\n<meta name=\"twitter:card\" content=\"summary_large_image\" \/>\n<meta name=\"twitter:label1\" content=\"Tempo di lettura stimato\" \/>\n\t<meta name=\"twitter:data1\" content=\"2 minuti\" \/>\n<script type=\"application\/ld+json\" class=\"yoast-schema-graph\">{\"@context\":\"https:\/\/schema.org\",\"@graph\":[{\"@type\":\"WebPage\",\"@id\":\"https:\/\/www.unifin.bz\/it\/contatto\/\",\"url\":\"https:\/\/www.unifin.bz\/it\/contatto\/\",\"name\":\"Contatto - Unifin - Immobilien S\u00fcdtirol kaufen &amp; mieten\",\"isPartOf\":{\"@id\":\"https:\/\/www.unifin.bz\/#website\"},\"datePublished\":\"2021-02-22T08:39:04+00:00\",\"dateModified\":\"2021-02-24T10:36:42+00:00\",\"breadcrumb\":{\"@id\":\"https:\/\/www.unifin.bz\/it\/contatto\/#breadcrumb\"},\"inLanguage\":\"it-IT\",\"potentialAction\":[{\"@type\":\"ReadAction\",\"target\":[\"https:\/\/www.unifin.bz\/it\/contatto\/\"]}]},{\"@type\":\"BreadcrumbList\",\"@id\":\"https:\/\/www.unifin.bz\/it\/contatto\/#breadcrumb\",\"itemListElement\":[{\"@type\":\"ListItem\",\"position\":1,\"name\":\"Home\",\"item\":\"https:\/\/www.unifin.bz\/it\/\"},{\"@type\":\"ListItem\",\"position\":2,\"name\":\"Contatto\"}]},{\"@type\":\"WebSite\",\"@id\":\"https:\/\/www.unifin.bz\/#website\",\"url\":\"https:\/\/www.unifin.bz\/\",\"name\":\"Unifin - Immobilien S\u00fcdtirol kaufen &amp; mieten\",\"description\":\"Bautr\u00e4ger in S\u00fcdtriol | Bozen | Brixen | Eppan | Verkaufen &amp; Mieten Wohnungen\",\"potentialAction\":[{\"@type\":\"SearchAction\",\"target\":{\"@type\":\"EntryPoint\",\"urlTemplate\":\"https:\/\/www.unifin.bz\/?s={search_term_string}\"},\"query-input\":\"required name=search_term_string\"}],\"inLanguage\":\"it-IT\"}]}<\/script>\n<!-- \/ Yoast SEO Premium plugin. -->","yoast_head_json":{"title":"Contatto - Unifin - Immobilien S\u00fcdtirol kaufen &amp; mieten","robots":{"index":"index","follow":"follow","max-snippet":"max-snippet:-1","max-image-preview":"max-image-preview:large","max-video-preview":"max-video-preview:-1"},"canonical":"https:\/\/www.unifin.bz\/it\/contatto\/","og_locale":"it_IT","og_type":"article","og_title":"Contatto","og_description":"[vc_row type=&#8221;full_width_content&#8221; full_screen_row_position=&#8221;middle&#8221; column_margin=&#8221;default&#8221; equal_height=&#8221;yes&#8221; content_placement=&#8221;middle&#8221; column_direction=&#8221;default&#8221; column_direction_tablet=&#8221;default&#8221; column_direction_phone=&#8221;default&#8221; full_height=&#8221;yes&#8221; columns_placement=&#8221;stretch&#8221; scene_position=&#8221;center&#8221; text_color=&#8221;dark&#8221; text_align=&#8221;left&#8221; row_border_radius=&#8221;none&#8221; row_border_radius_applies=&#8221;bg&#8221; overlay_strength=&#8221;0.3&#8243; gradient_direction=&#8221;left_to_right&#8221; shape_divider_position=&#8221;bottom&#8221; bg_image_animation=&#8221;none&#8221;][vc_column column_padding=&#8221;no-extra-padding&#8221; column_padding_tablet=&#8221;inherit&#8221; column_padding_phone=&#8221;inherit&#8221; column_padding_position=&#8221;all&#8221; bottom_margin=&#8221;-30px&#8221; background_color_opacity=&#8221;1&#8243; background_hover_color_opacity=&#8221;1&#8243; column_shadow=&#8221;none&#8221; column_border_radius=&#8221;none&#8221; column_link_target=&#8221;_self&#8221;...","og_url":"https:\/\/www.unifin.bz\/it\/contatto\/","og_site_name":"Unifin - Immobilien S\u00fcdtirol kaufen &amp; mieten","article_modified_time":"2021-02-24T10:36:42+00:00","twitter_card":"summary_large_image","twitter_misc":{"Tempo di lettura stimato":"2 minuti"},"schema":{"@context":"https:\/\/schema.org","@graph":[{"@type":"WebPage","@id":"https:\/\/www.unifin.bz\/it\/contatto\/","url":"https:\/\/www.unifin.bz\/it\/contatto\/","name":"Contatto - Unifin - Immobilien S\u00fcdtirol kaufen &amp; mieten","isPartOf":{"@id":"https:\/\/www.unifin.bz\/#website"},"datePublished":"2021-02-22T08:39:04+00:00","dateModified":"2021-02-24T10:36:42+00:00","breadcrumb":{"@id":"https:\/\/www.unifin.bz\/it\/contatto\/#breadcrumb"},"inLanguage":"it-IT","potentialAction":[{"@type":"ReadAction","target":["https:\/\/www.unifin.bz\/it\/contatto\/"]}]},{"@type":"BreadcrumbList","@id":"https:\/\/www.unifin.bz\/it\/contatto\/#breadcrumb","itemListElement":[{"@type":"ListItem","position":1,"name":"Home","item":"https:\/\/www.unifin.bz\/it\/"},{"@type":"ListItem","position":2,"name":"Contatto"}]},{"@type":"WebSite","@id":"https:\/\/www.unifin.bz\/#website","url":"https:\/\/www.unifin.bz\/","name":"Unifin - Immobilien S\u00fcdtirol kaufen &amp; mieten","description":"Bautr\u00e4ger in S\u00fcdtriol | Bozen | Brixen | Eppan | Verkaufen &amp; Mieten Wohnungen","potentialAction":[{"@type":"SearchAction","target":{"@type":"EntryPoint","urlTemplate":"https:\/\/www.unifin.bz\/?s={search_term_string}"},"query-input":"required name=search_term_string"}],"inLanguage":"it-IT"}]}},"_links":{"self":[{"href":"https:\/\/www.unifin.bz\/it\/wp-json\/wp\/v2\/pages\/2257"}],"collection":[{"href":"https:\/\/www.unifin.bz\/it\/wp-json\/wp\/v2\/pages"}],"about":[{"href":"https:\/\/www.unifin.bz\/it\/wp-json\/wp\/v2\/types\/page"}],"author":[{"embeddable":true,"href":"https:\/\/www.unifin.bz\/it\/wp-json\/wp\/v2\/users\/1"}],"replies":[{"embeddable":true,"href":"https:\/\/www.unifin.bz\/it\/wp-json\/wp\/v2\/comments?post=2257"}],"version-history":[{"count":9,"href":"https:\/\/www.unifin.bz\/it\/wp-json\/wp\/v2\/pages\/2257\/revisions"}],"predecessor-version":[{"id":2471,"href":"https:\/\/www.unifin.bz\/it\/wp-json\/wp\/v2\/pages\/2257\/revisions\/2471"}],"wp:attachment":[{"href":"https:\/\/www.unifin.bz\/it\/wp-json\/wp\/v2\/media?parent=2257"}],"curies":[{"name":"wp","href":"https:\/\/api.w.org\/{rel}","templated":true}]}}